{"id":66,"date":"2011-05-29T17:17:49","date_gmt":"2011-05-29T15:17:49","guid":{"rendered":"http:\/\/www.2ohr.org\/?page_id=66"},"modified":"2025-12-17T09:06:45","modified_gmt":"2025-12-17T08:06:45","slug":"impressum","status":"publish","type":"page","link":"https:\/\/www.audionext.de\/archiv\/impressum\/","title":{"rendered":"Impressum \/ Datenschutz"},"content":{"rendered":"<p>audioNEXT GmbH<br \/>\nIsenbergstra\u00dfe 20<br \/>\nD-45130 Essen<\/p>\n<p>Telefon: +49 (0)201 \u2013 507 39 50<br \/>\nE-Mail: <a href=\"mailto:&#x69;&#x6e;&#x66;&#x6f;&#x40;&#x61;&#x75;&#x64;&#x69;&#x6f;&#x6e;&#x65;&#x78;&#x74;&#x2e;&#x64;&#x65;\"><span class=\"oe_textdirection\">&#x65;&#x64;&#x2e;&#x74;&#x78;&#x65;&#x6e;&#x6f;&#x69;&#x64;&#x75;&#x61;<span class=\"oe_displaynone\">null<\/span>&#x40;&#x6f;&#x66;&#x6e;&#x69;<\/span><\/a><br \/>\nInternet: <a title=\"audioNEXT\" href=\"http:\/\/www.audionext.de\">www.audionext.de<\/a><\/p>\n<p>Gesch\u00e4ftsf\u00fchrer: Carsten Hicking, Torsten Bollini<br \/>\nAmtsgericht Essen, HRB 23739<br \/>\nSitz der Gesellschaft: Essen<br \/>\nUStID-Nr.: DE 282372731<br \/>\nWEEE-Nr.: DE 64407170<br \/>\nBD-Nr.: BD910115702<\/p>\n<p>Inhaltlich Verantwortlicher gem\u00e4\u00df \u00a7 10 Absatz 3 MDStV: Carsten Hicking<\/p>\n<p>Wir sind nicht bereit oder verpflichtet, an Streitbeilegungsverfahren vor einer Verbraucherschlichtungsstelle teilzunehmen.<\/p>\n<p>HAFTUNG F\u00dcR INHALTE<br \/>\nAls Diensteanbieter sind wir gem\u00e4\u00df \u00a7 7 Abs.1 TMG f\u00fcr eigene Inhalte auf diesen Seiten nach den allgemeinen Gesetzen verantwortlich. Nach \u00a7\u00a7 8 bis 10 TMG sind wir als Diensteanbieter jedoch nicht verpflichtet, \u00fcbermittelte oder gespeicherte fremde Informationen zu \u00fcberwachen oder nach Umst\u00e4nden zu forschen, die auf eine rechtswidrige T\u00e4tigkeit hinweisen. Verpflichtungen zur Entfernung oder Sperrung der Nutzung von Informationen nach den allgemeinen Gesetzen bleiben hiervon unber\u00fchrt. Eine diesbez\u00fcgliche Haftung ist jedoch erst ab dem Zeitpunkt der Kenntnis einer konkreten Rechtsverletzung m\u00f6glich. Bei Bekanntwerden von entsprechenden Rechtsverletzungen werden wir diese Inhalte umgehend entfernen.<\/p>\n<p>HAFTUNG F\u00dcR LINKS<br \/>\nUnser Angebot enth\u00e4lt Links zu externen Webseiten Dritter, auf deren Inhalte wir keinen Einfluss haben. Deshalb k\u00f6nnen wir f\u00fcr diese fremden Inhalte auch keine Gew\u00e4hr \u00fcbernehmen. F\u00fcr die Inhalte der verlinkten Seiten ist stets der jeweilige Anbieter oder Betreiber der Seiten verantwortlich. Die verlinkten Seiten wurden zum Zeitpunkt der Verlinkung auf m\u00f6gliche Rechtsverst\u00f6\u00dfe \u00fcberpr\u00fcft. Rechtswidrige Inhalte waren zum Zeitpunkt der Verlinkung nicht erkennbar.<br \/>\nEine permanente inhaltliche Kontrolle der verlinkten Seiten ist jedoch ohne konkrete Anhaltspunkte einer Rechtsverletzung nicht zumutbar. Bei Bekanntwerden von Rechtsverletzungen werden wir derartige Links umgehend entfernen.<\/p>\n<p>URHEBERRECHT<br \/>\nDie durch die Seitenbetreiber erstellten Inhalte und Werke auf diesen Seiten unterliegen dem deutschen Urheberrecht. Die Vervielf\u00e4ltigung, Bearbeitung, Verbreitung und jede Art der Verwertung au\u00dferhalb der Grenzen des Urheberrechtes bed\u00fcrfen der schriftlichen Zustimmung des jeweiligen Autors bzw. Erstellers. Downloads und Kopien dieser Seite sind nur f\u00fcr den privaten, nicht kommerziellen Gebrauch gestattet.<br \/>\nSoweit die Inhalte auf dieser Seite nicht vom Betreiber erstellt wurden, werden die Urheberrechte Dritter beachtet. Insbesondere werden Inhalte Dritter als solche gekennzeichnet. Sollten Sie trotzdem auf eine Urheberrechtsverletzung aufmerksam werden, bitten wir um einen entsprechenden Hinweis. Bei Bekanntwerden von Rechtsverletzungen werden wir derartige Inhalte umgehend entfernen.<\/p>\n<h2>Datenschutz<\/h2>\n<p>Die Betreiber dieser Seiten nehmen den Schutz Ihrer pers\u00f6nlichen Daten sehr ernst. Wir behandeln Ihre personenbezogenen Daten vertraulich und entsprechend der gesetzlichen Datenschutzvorschriften sowie dieser Datenschutzerkl\u00e4rung.<br \/>\nDie Nutzung unserer Webseite ist in der Regel ohne Angabe personenbezogener Daten m\u00f6glich. Soweit auf unseren Seiten personenbezogene Daten (beispielsweise Name, Anschrift oder E-Mail-Adressen) erhoben werden, erfolgt dies, soweit m\u00f6glich, stets auf freiwilliger Basis. Diese Daten werden ohne Ihre ausdr\u00fcckliche Zustimmung nicht an Dritte weitergegeben.<br \/>\nWir weisen darauf hin, dass die Daten\u00fcbertragung im Internet (z.B. bei der Kommunikation per E-Mail) Sicherheitsl\u00fccken aufweisen kann. Ein l\u00fcckenloser Schutz der Daten vor dem Zugriff durch Dritte ist nicht m\u00f6glich.<\/p>\n<p>KONTAKTM\u00d6GLICHKEIT<br \/>\nWir bieten Ihnen auf unserer Seite die M\u00f6glichkeit, mit uns per E-Mail in Verbindung zu treten. In diesem Fall werden die vom Nutzer gemachten Angaben zum Zwecke der Bearbeitung seiner Kontaktaufnahme gespeichert. Eine Weitergabe an Dritte erfolgt nicht. Ein Abgleich der so erhobenen Daten mit Daten, die m\u00f6glicherweise durch andere Komponenten unserer Seite erhoben werden, erfolgt ebenfalls nicht.<\/p>\n<p>KONTAKTFORMULAR<br \/>\nWenn Sie uns per Kontaktformular Anfragen zukommen lassen, werden Ihre Angaben aus dem Anfrageformular inklusive der von Ihnen dort angegebenen Kontaktdaten zwecks Bearbeitung der Anfrage und f\u00fcr den Fall von Anschlussfragen bei uns gespeichert. Diese Daten geben wir nicht ohne Ihre Einwilligung weiter.<\/p>\n<p>COOKIES<br \/>\nDie Internetseiten verwenden teilweise so genannte Cookies. Cookies richten auf Ihrem Rechner keinen Schaden an und enthalten keine Viren. Cookies dienen dazu, unser Angebot nutzerfreundlicher, effektiver und sicherer zu machen. Cookies sind kleine Textdateien, die auf Ihrem Rechner abgelegt werden und die Ihr Browser speichert.<br \/>\nDie meisten der von uns verwendeten Cookies sind so genannte \u201eSession-Cookies\u201c. Sie werden nach Ende Ihres Besuchs automatisch gel\u00f6scht. Andere Cookies bleiben auf Ihrem Endger\u00e4t gespeichert, bis Sie diese l\u00f6schen. Die von unserer Website gespeicherten Cookies dienen lediglich zur Identifizierung von Redakteuren die unser Redaktionssystem nutzen.<br \/>\nSie k\u00f6nnen Ihren Browser so einstellen, dass Sie \u00fcber das Setzen von Cookies informiert werden und Cookies nur im Einzelfall erlauben, die Annahme von Cookies f\u00fcr bestimmte F\u00e4lle oder generell ausschlie\u00dfen sowie das automatische L\u00f6schen der Cookies beim Schlie\u00dfen des Browser aktivieren. Bei der Deaktivierung von Cookies kann die Funktionalit\u00e4t dieser Website eingeschr\u00e4nkt sein.<\/p>\n<p>SERVER-LOG-FILES<br \/>\nDer Provider der Seiten erhebt und speichert automatisch Informationen in so genannten Server-Log Files, die Ihr Browser automatisch an uns \u00fcbermittelt.<br \/>\nDie Server-Log Files beinhalten :<br \/>\n\u2014 Browsertyp und Browserversion<br \/>\n\u2014 verwendetes Betriebssystem<br \/>\n\u2014 Referrer URL<br \/>\n\u2014 Hostname des zugreifenden Rechners<br \/>\n\u2014 Uhrzeit der Serveranfrage<br \/>\n\u2014 Diese Daten sind nicht bestimmten Personen zuordenbar. Eine Zusammenf\u00fchrung dieser Daten mit anderen Datenquellen wird nicht vorgenommen. Wir behalten uns vor, diese Daten nachtr\u00e4glich zu pr\u00fcfen, wenn uns konkrete Anhaltspunkte f\u00fcr eine rechtswidrige Nutzung bekannt werden.<\/p>\n<p>Es ist nach derzeitigen Wissensstand technisch quasi unm\u00f6glich das Anlegen dieser Server-Logo Files zu unterbinden.<\/p>\n<p>WIDERSPRUCH WERBE-EMAILS<br \/>\nDer Nutzung von im Rahmen der Impressumspflicht vero\u0308ffentlichten Kontaktdaten zur U\u0308bersendung von nicht ausdru\u0308cklich angeforderter Werbung und Informationsmaterialien wird hiermit widersprochen. Die Betreiber der Seiten behalten sich ausdru\u0308cklich rechtliche Schritte im Falle der unverlangten Zusendung von Werbeinformationen, etwa durch Spam-E-Mails, vor.<\/p>\n<p>AUSKUNFT, L\u00d6SCHUNG, SPERRUNG<br \/>\nSie haben jederzeit das Recht auf unentgeltliche Auskunft \u00fcber Ihre gespeicherten personenbezogenen Daten, deren Herkunft und Empf\u00e4nger und den Zweck der Datenverarbeitung sowie ein Recht auf Berichtigung, Sperrung oder L\u00f6schung dieser Daten. Hierzu sowie zu weiteren Fragen zum Thema personenbezogene Daten k\u00f6nnen Sie sich jederzeit unter der im Impressum angegebenen Adresse an uns wenden.<\/p>\n<p>EINSATZ VON VIMEO-KOMPONENTEN<br \/>\nWir setzen auf unserer Seite Komponenten des Anbieters Vimeo ein. Vimeo ist ein Service der Vimeo LCC, 555 West 18th Street, New York, New York 10011, USA. Bei jedem einzelnen Abruf unserer Webseite, die mit einer solchen Komponente ausgestattet ist, veranlasst diese Komponente, dass der von Ihnen verwendete Browser eine entsprechende Darstellung der Komponente von Vimeo herunterl\u00e4dt. Wenn Sie unsere Seite aufrufen und w\u00e4hrenddessen bei Vimeo eingeloggt sind, erkennt Vimeo durch die von der Komponente gesammelten Informationen, welche konkrete Seite Sie besuchen und ordnet diese Informationen Ihrem pers\u00f6nlichen Account bei Vimeo zu. Klicken Sie z.B. den \u201ePlay\u201c-Button an oder geben Sie entsprechende Kommentare ab, werden diese Informationen an Ihr pers\u00f6nliches Benutzerkonto bei Vimeo \u00fcbermittelt und dort gespeichert. Dar\u00fcber hinaus wird die Information, dass Sie unsere Seite besucht haben, an Vimeo weitergegeben. Dies geschieht unabh\u00e4ngig davon, ob Sie z.B. die Komponente anklicken\/Kommentare abgeben oder nicht.<br \/>\nWenn Sie diese \u00dcbermittlung und Speicherung von Daten \u00fcber Sie und Ihr Verhalten auf unserer Webseite durch Vimeo unterbinden wollen, m\u00fcssen Sie sich bei Vimeo ausloggen und zwar bevor Sie unsere Seite besuchen. Die Datenschutzhinweise von Vimeo geben hierzu n\u00e4here Informationen, insbesondere zur Erhebung und Nutzung der Daten durch Vimeo: https:\/\/vimeo.com\/privacy<\/p>\n<p>NEWSLETTER<br \/>\nIm Newsletter informieren wir \u00fcber die Produkte und Neuigkeiten. Ihre Daten werden intern nur zu diesem Informationszweck verwendet und vertraulich behandelt. Die Daten werden gel\u00f6scht, sobald sie f\u00fcr die Erreichung des vorstehenden Zwecks nicht mehr erforderlich sind. Falls Sie sich f\u00fcr unseren kostenlosen Newsletter anmelden, werden die von Ihnen hierzu abgefragten Daten, also Ihre E-Mail-Adresse sowie &#8211; optional &#8211; Ihr Name und Ihre Anschrift, an unseren Dienstleister Newsletter2Go GmbH \u00fcbermittelt. Gleichzeitig wird die IP-Adresse des Internetanschlusses von dem aus Sie auf unseren Internetauftritt zugreifen sowie Datum und Uhrzeit Ihrer Anmeldung gespeichert. Im Rahmen des weiteren Anmeldevorgangs wird Newsletter2Go Ihre Einwilligung in die \u00dcbersendung des Newsletters einholen, den Inhalt konkret beschreiben und auf die Datenschutzerkl\u00e4rung verweisen. Die dabei erhobenen Daten verwenden wir ausschlie\u00dflich f\u00fcr den Newsletter-Versand \u2013 sie werden deshalb insbesondere auch nicht an Dritte weitergegeben. Rechtsgrundlage hierbei ist Art. 6 Abs. 1 lit. a) DSGVO.<br \/>\nDie Einwilligung in den Newsletter-Versand k\u00f6nnen Sie gem\u00e4\u00df Art. 7 Abs. 3 DSGVO jederzeit mit Wirkung f\u00fcr die Zukunft widerrufen. Hierzu m\u00fcssen Sie uns lediglich \u00fcber Ihren Widerruf in Kenntnis setzen oder den in jedem Newsletter enthaltenen Abmeldelink bet\u00e4tigen.<\/p>\n<p><span style=\"font-weight: 300;\">Das Double-Opt-in-Verfahren wie auch der Newsletter-Versand erfolgt \u00fcber die Newsletter2go GmbH mit Gesch\u00e4ftssitz in der K\u00f6penicker Stra\u00dfe 126, 10179 Berlin, Deutschland. Weitere Informationen zum Umgang mit personenbezogenen Daten finden Sie in der <a href=\"https:\/\/www.newsletter2go.de\/datenschutz\/\">Datenschutzerkl\u00e4rung von Newsletter2go.<\/a><\/span><\/p>\n<hr \/>\n<p>Quelle:\u00a0<a href=\"https:\/\/www.e-recht24.de\/\" target=\"_blank\" rel=\"noreferrer noopener\">e-recht24.de<\/a>\u00a0sowie\u00a0<a href=\"https:\/\/www.ratgeberrecht.eu\/leistungen\/muster-datenschutzerklaerung.html\" target=\"_blank\" rel=\"noreferrer noopener\">Muster-Datenschutzerkl\u00e4rung<\/a>\u00a0der\u00a0<a href=\"https:\/\/www.ratgeberrecht.eu\/\" target=\"_blank\" rel=\"noreferrer noopener\">Anwaltskanzlei Wei\u00df &amp; Partner<\/a><\/p>","protected":false},"excerpt":{"rendered":"<p>audioNEXT GmbH Isenbergstra\u00dfe 20 D-45130 Essen Telefon: +49 (0)201 \u2013 507 39 50 E-Mail: &#x65;&#x64;&#x2e;&#x74;&#x78;&#x65;&#x6e;&#x6f;&#x69;&#x64;&#x75;&#x61;null&#x40;&#x6f;&#x66;&#x6e;&#x69; Internet: www.audionext.de Gesch\u00e4ftsf\u00fchrer: Carsten Hicking, Torsten Bollini Amtsgericht Essen, HRB 23739 Sitz der Gesellschaft: Essen UStID-Nr.: DE 282372731 WEEE-Nr.: DE 64407170 BD-Nr.: BD910115702 Inhaltlich Verantwortlicher &hellip; <a href=\"https:\/\/www.audionext.de\/archiv\/impressum\/\">Weiterlesen <span class=\"meta-nav\">&rarr;<\/span><\/a><\/p>\n","protected":false},"author":4,"featured_media":0,"parent":0,"menu_order":99,"comment_status":"closed","ping_status":"closed","template":"","meta":{"footnotes":""},"categories":[],"class_list":["post-66","page","type-page","status-publish","hentry"],"_links":{"self":[{"href":"https:\/\/www.audionext.de\/archiv\/wp-json\/wp\/v2\/pages\/66","targetHints":{"allow":["GET"]}}],"collection":[{"href":"https:\/\/www.audionext.de\/archiv\/wp-json\/wp\/v2\/pages"}],"about":[{"href":"https:\/\/www.audionext.de\/archiv\/wp-json\/wp\/v2\/types\/page"}],"author":[{"embeddable":true,"href":"https:\/\/www.audionext.de\/archiv\/wp-json\/wp\/v2\/users\/4"}],"replies":[{"embeddable":true,"href":"https:\/\/www.audionext.de\/archiv\/wp-json\/wp\/v2\/comments?post=66"}],"version-history":[{"count":37,"href":"https:\/\/www.audionext.de\/archiv\/wp-json\/wp\/v2\/pages\/66\/revisions"}],"predecessor-version":[{"id":3084,"href":"https:\/\/www.audionext.de\/archiv\/wp-json\/wp\/v2\/pages\/66\/revisions\/3084"}],"wp:attachment":[{"href":"https:\/\/www.audionext.de\/archiv\/wp-json\/wp\/v2\/media?parent=66"}],"wp:term":[{"taxonomy":"category","embeddable":true,"href":"https:\/\/www.audionext.de\/archiv\/wp-json\/wp\/v2\/categories?post=66"}],"curies":[{"name":"wp","href":"https:\/\/api.w.org\/{rel}","templated":true}]}}