{"id":474,"date":"2011-12-19T16:50:51","date_gmt":"2011-12-19T15:50:51","guid":{"rendered":"http:\/\/www.audionext.de\/?page_id=474"},"modified":"2021-12-31T16:48:48","modified_gmt":"2021-12-31T15:48:48","slug":"uber-audionext","status":"publish","type":"page","link":"https:\/\/www.audionext.de\/archiv\/uber-audionext\/","title":{"rendered":"Who We Are &#8211; \u00dcber audioNEXT"},"content":{"rendered":"<p><strong>Who We Are<\/strong><\/p>\n<p>audioNEXT stands for audiophile products of the next generation and gives both third-party and in-house developments the necessary sales basis. Common to all audioNEXT brands is that they are based on innovative technologies and meet the highest standards.<\/p>\n<p>As a complement to Higoto GmbH, which has been existing since 1998, audioNEXT GmbH was founded in 2012 with a focus on the topic of &#8222;high-end audio of the future&#8220;. As with Higoto GmbH, which is a pioneer in the field of digital audio, the main focus is on the distribution of new, often previously unknown manufacturers that have caught our attention due to their special technical features.<\/p>\n<p>Headphones and streaming have been core competencies of the distribution since the beginning. In 2020, the virtual showcase of audioNEXT GmbH was created under the motto &#8222;The quintessence of music reproduction&#8220; with <a href=\"http:\/\/www.audiodomain.de\" target=\"_blank\" rel=\"noopener\">www.audiodomain.de<\/a>.<\/p>\n<p><strong>\u00dcber audioNEXT<\/strong><\/p>\n<p>audioNEXT steht f\u00fcr audiophile Produkte n\u00e4chster Generation und gibt sowohl Fremd- als auch Eigenentwicklungen die notwendige Vertriebsbasis. Gemeinsam ist allen audioNEXT-Marken, dass sie auf innovativen Technologien basieren und h\u00f6chsten Anspr\u00fcchen gen\u00fcgen.<\/p>\n<p>Als Erg\u00e4nzung zu der seit 1998 bestehenden Higoto GmbH wurde die audioNEXT GmbH mit dem Fokus auf das Thema \u201eHigh End Audio der Zukunft\u201c 2012 gegr\u00fcndet. Wie bei der im Bereich Digital-Audio Pionierarbeit leistenden Higoto GmbH liegt das Hauptaugenmerk auf der Distribution neuer, bis dato oft unbekannter Hersteller, die uns auf Grund technischer Besonderheiten aufgefallen sind.<\/p>\n<p>Die Themen Kopfh\u00f6rer und Streaming geh\u00f6ren seit Anfang an zu den Kernkompetenzen des Vertriebs. Im Jahr 2020 entstand unter dem Motto \u201eDie Quintessenz der Musikwiedergabe\u201c mit <a href=\"http:\/\/www.audiodomain.de\" target=\"_blank\" rel=\"noopener\">www.audiodomain.de<\/a> das virtuelle Schaufenster der audioNEXT GmbH.<\/p>\n<hr \/>","protected":false},"excerpt":{"rendered":"<p>Who We Are audioNEXT stands for audiophile products of the next generation and gives both third-party and in-house developments the necessary sales basis. Common to all audioNEXT brands is that they are based on innovative technologies and meet the highest &hellip; <a href=\"https:\/\/www.audionext.de\/archiv\/uber-audionext\/\">Weiterlesen <span class=\"meta-nav\">&rarr;<\/span><\/a><\/p>\n","protected":false},"author":2,"featured_media":558,"parent":0,"menu_order":0,"comment_status":"closed","ping_status":"closed","template":"","meta":{"footnotes":""},"categories":[],"class_list":["post-474","page","type-page","status-publish","has-post-thumbnail","hentry"],"_links":{"self":[{"href":"https:\/\/www.audionext.de\/archiv\/wp-json\/wp\/v2\/pages\/474","targetHints":{"allow":["GET"]}}],"collection":[{"href":"https:\/\/www.audionext.de\/archiv\/wp-json\/wp\/v2\/pages"}],"about":[{"href":"https:\/\/www.audionext.de\/archiv\/wp-json\/wp\/v2\/types\/page"}],"author":[{"embeddable":true,"href":"https:\/\/www.audionext.de\/archiv\/wp-json\/wp\/v2\/users\/2"}],"replies":[{"embeddable":true,"href":"https:\/\/www.audionext.de\/archiv\/wp-json\/wp\/v2\/comments?post=474"}],"version-history":[{"count":18,"href":"https:\/\/www.audionext.de\/archiv\/wp-json\/wp\/v2\/pages\/474\/revisions"}],"predecessor-version":[{"id":3078,"href":"https:\/\/www.audionext.de\/archiv\/wp-json\/wp\/v2\/pages\/474\/revisions\/3078"}],"wp:featuredmedia":[{"embeddable":true,"href":"https:\/\/www.audionext.de\/archiv\/wp-json\/wp\/v2\/media\/558"}],"wp:attachment":[{"href":"https:\/\/www.audionext.de\/archiv\/wp-json\/wp\/v2\/media?parent=474"}],"wp:term":[{"taxonomy":"category","embeddable":true,"href":"https:\/\/www.audionext.de\/archiv\/wp-json\/wp\/v2\/categories?post=474"}],"curies":[{"name":"wp","href":"https:\/\/api.w.org\/{rel}","templated":true}]}}